{"id":100240,"date":"2020-06-02T13:35:44","date_gmt":"2020-06-02T13:35:44","guid":{"rendered":"https:\/\/maxell-usa.com\/product\/haut-parleur-sans-fil-rewind\/"},"modified":"2020-09-28T17:32:30","modified_gmt":"2020-09-28T17:32:30","slug":"rewind-wireless-speaker-2","status":"publish","type":"product","link":"https:\/\/maxell-usa.com\/fr-ca\/product\/rewind-wireless-speaker-2\/","title":{"rendered":"Haut-parleur sans fil Rewind"},"excerpt":{"rendered":"<p>Rem\u00e9morez-vous avec nostalgie la cassette audio XLS II de Maxell, l\u2019une des plus populaires durant les ann\u00e9es 1980 et 1990, maintenant transform\u00e9e en un haut-parleur Bluetooth. Il produit un son haute-fid\u00e9lit\u00e9 et est dot\u00e9 de la connectivit\u00e9 Bluetooth\u00a05.0. Il est dot\u00e9 d\u2019un bo\u00eetier en acrylique transparent, d\u2019une jaquette en papier personnalisable, d\u2019un socle aux fins de stabilit\u00e9, d\u2019un port auxiliaire et d\u2019un micro pour les appels. Enfin, il pr\u00e9sente une autonomie de 11\u00a0heures.<\/p>\n","protected":false},"featured_media":100241,"template":"","meta":{"_acf_changed":false,"om_disable_all_campaigns":false,"_monsterinsights_skip_tracking":false,"_monsterinsights_sitenote_active":false,"_monsterinsights_sitenote_note":"","_monsterinsights_sitenote_category":0,"_uf_show_specific_survey":0,"_uf_disable_surveys":false},"product_cat":[89],"product_tag":[],"class_list":{"0":"post-100240","1":"product","2":"type-product","3":"status-publish","4":"has-post-thumbnail","6":"product_cat-haut-parleurs-sans-fil-rewind","8":"first","9":"instock","10":"shipping-taxable","11":"purchasable","12":"product-type-simple"},"acf":[],"aioseo_notices":[],"_links":{"self":[{"href":"https:\/\/maxell-usa.com\/fr-ca\/wp-json\/wp\/v2\/product\/100240","targetHints":{"allow":["GET"]}}],"collection":[{"href":"https:\/\/maxell-usa.com\/fr-ca\/wp-json\/wp\/v2\/product"}],"about":[{"href":"https:\/\/maxell-usa.com\/fr-ca\/wp-json\/wp\/v2\/types\/product"}],"wp:featuredmedia":[{"embeddable":true,"href":"https:\/\/maxell-usa.com\/fr-ca\/wp-json\/wp\/v2\/media\/100241"}],"wp:attachment":[{"href":"https:\/\/maxell-usa.com\/fr-ca\/wp-json\/wp\/v2\/media?parent=100240"}],"wp:term":[{"taxonomy":"product_cat","embeddable":true,"href":"https:\/\/maxell-usa.com\/fr-ca\/wp-json\/wp\/v2\/product_cat?post=100240"},{"taxonomy":"product_tag","embeddable":true,"href":"https:\/\/maxell-usa.com\/fr-ca\/wp-json\/wp\/v2\/product_tag?post=100240"}],"curies":[{"name":"wp","href":"https:\/\/api.w.org\/{rel}","templated":true}]}}