{"id":100347,"date":"2020-06-01T18:23:09","date_gmt":"2020-06-01T18:23:09","guid":{"rendered":"https:\/\/maxell-usa.com\/product\/9-v\/"},"modified":"2020-10-08T13:04:52","modified_gmt":"2020-10-08T13:04:52","slug":"9-v","status":"publish","type":"product","link":"https:\/\/maxell-usa.com\/fr-ca\/product\/9-v\/","title":{"rendered":"9\u00a0V"},"excerpt":{"rendered":"<p>Une solution de marque pour les clients accordant une grande valeur au rapport qualit\u00e9-prix. Fabriqu\u00e9es selon les normes les plus strictes de l&rsquo;industrie, les piles alcalines de Maxell procurent une valeur incomparable. Ces piles se d\u00e9marquent par leur grande rentabilit\u00e9, l\u00e0 o\u00f9 cela compte le plus. <\/p>\n","protected":false},"featured_media":100348,"template":"","meta":{"_acf_changed":false,"om_disable_all_campaigns":false,"_monsterinsights_skip_tracking":false,"_monsterinsights_sitenote_active":false,"_monsterinsights_sitenote_note":"","_monsterinsights_sitenote_category":0,"_uf_show_specific_survey":0,"_uf_disable_surveys":false},"product_cat":[87],"product_tag":[],"class_list":{"0":"post-100347","1":"product","2":"type-product","3":"status-publish","4":"has-post-thumbnail","6":"product_cat-piles-alcalines","8":"first","9":"instock","10":"shipping-taxable","11":"product-type-simple"},"acf":[],"aioseo_notices":[],"_links":{"self":[{"href":"https:\/\/maxell-usa.com\/fr-ca\/wp-json\/wp\/v2\/product\/100347","targetHints":{"allow":["GET"]}}],"collection":[{"href":"https:\/\/maxell-usa.com\/fr-ca\/wp-json\/wp\/v2\/product"}],"about":[{"href":"https:\/\/maxell-usa.com\/fr-ca\/wp-json\/wp\/v2\/types\/product"}],"wp:featuredmedia":[{"embeddable":true,"href":"https:\/\/maxell-usa.com\/fr-ca\/wp-json\/wp\/v2\/media\/100348"}],"wp:attachment":[{"href":"https:\/\/maxell-usa.com\/fr-ca\/wp-json\/wp\/v2\/media?parent=100347"}],"wp:term":[{"taxonomy":"product_cat","embeddable":true,"href":"https:\/\/maxell-usa.com\/fr-ca\/wp-json\/wp\/v2\/product_cat?post=100347"},{"taxonomy":"product_tag","embeddable":true,"href":"https:\/\/maxell-usa.com\/fr-ca\/wp-json\/wp\/v2\/product_tag?post=100347"}],"curies":[{"name":"wp","href":"https:\/\/api.w.org\/{rel}","templated":true}]}}